{"id":11684,"date":"2021-07-09T11:48:55","date_gmt":"2021-07-09T14:48:55","guid":{"rendered":"https:\/\/jotasilva.com.br\/sobre\/"},"modified":"2024-11-08T13:52:17","modified_gmt":"2024-11-08T16:52:17","slug":"sobre","status":"publish","type":"page","link":"https:\/\/jotasilva.com.br\/es\/sobre\/","title":{"rendered":"Sobre nosotros"},"content":{"rendered":"\t<section class=\"section\" id=\"section_1169013849\">\n\t\t<div class=\"bg section-bg fill bg-fill  \" >\n\n\t\t\t\n\t\t\t\n\t\t\t\n\n\t\t<\/div>\n\n\t\t\n\n\t\t<div class=\"section-content relative\">\n\t\t\t\n\n\t<div id=\"gap-41332798\" class=\"gap-element clearfix\" style=\"display:block; height:auto;\">\n\t\t\n<style>\n#gap-41332798 {\n  padding-top: 90px;\n}\n<\/style>\n\t<\/div>\n\t\n\n<div class=\"row\" style=\"max-width:550px\" id=\"row-412869455\">\n\n\n\t<div id=\"col-783881597\" class=\"col small-12 large-12\"  >\n\t\t\t\t<div class=\"col-inner\"  >\n\t\t\t\n\t\t\t\n\n\t<div id=\"text-551303920\" class=\"text titulo-interna\">\n\t\t\n\n<h1>Sobre nosotros<\/h1>\n\t\t\n<style>\n#text-551303920 {\n  text-align: center;\n  color: rgb(255, 255, 255);\n}\n#text-551303920 > * {\n  color: rgb(255, 255, 255);\n}\n<\/style>\n\t<\/div>\n\t\n\n\t\t<\/div>\n\t\t\t\t\n<style>\n#col-783881597 > .col-inner {\n  padding: 20px 40px 20px 40px;\n}\n@media (min-width:550px) {\n  #col-783881597 > .col-inner {\n    padding: 40px 40px 40px 40px;\n  }\n}\n<\/style>\n\t<\/div>\n\n\t\n\n\n<style>\n#row-412869455 > .col > .col-inner {\n  background-color: rgba(39, 39, 39, 0.802);\n  border-radius: 13px;\n}\n<\/style>\n<\/div>\n\n\t\t<\/div>\n\n\t\t\n<style>\n#section_1169013849 {\n  padding-top: 30px;\n  padding-bottom: 30px;\n  min-height: 280px;\n}\n#section_1169013849 .section-bg.bg-loaded {\n  background-image: url(https:\/\/jotasilva.com.br\/wp-content\/uploads\/04-1.jpg);\n}\n#section_1169013849 .section-bg {\n  background-position: 20% 50%;\n}\n@media (min-width:550px) {\n  #section_1169013849 {\n    min-height: 380px;\n  }\n}\n@media (min-width:850px) {\n  #section_1169013849 {\n    min-height: 480px;\n  }\n}\n<\/style>\n\t<\/section>\n\t\n\t<section class=\"section\" id=\"section_2031780579\">\n\t\t<div class=\"bg section-bg fill bg-fill  bg-loaded\" >\n\n\t\t\t\n\t\t\t\n\t\t\t\n\n\t\t<\/div>\n\n\t\t\n\n\t\t<div class=\"section-content relative\">\n\t\t\t\n\n\t<div id=\"gap-722313738\" class=\"gap-element clearfix\" style=\"display:block; height:auto;\">\n\t\t\n<style>\n#gap-722313738 {\n  padding-top: 35px;\n}\n@media (min-width:850px) {\n  #gap-722313738 {\n    padding-top: 45px;\n  }\n}\n<\/style>\n\t<\/div>\n\t\n\n<div class=\"row align-right\" style=\"max-width:1580px\" id=\"row-168547499\">\n\n\n\t<div id=\"col-40680744\" class=\"col medium-6 small-12 large-5\"  >\n\t\t\t\t<div class=\"col-inner\"  >\n\t\t\t\n\t\t\t\n\n\t<div id=\"text-930109769\" class=\"text\">\n\t\t\n\n<p>Nosotros en el Grupo Jota Silva ofrecemos al mercado, desde 2013, soluciones para exhibici\u00f3n en diferentes segmentos. Especializados en la fabricaci\u00f3n de displays y creaci\u00f3n de proyectos de display personalizados para cer\u00e1mica, metales y vajillas, principalmente para el segmento de materiales de construcci\u00f3n, boutiques y tiendas especializadas en acabados cer\u00e1micos, vajillas y metales. <\/p>\n<p><strong>Disponemos de un <span style=\"color: #599763;\">equipo propio de arquitectos<\/span> , dise\u00f1adores, flota propia y un parque de fabricaci\u00f3n con las m\u00e1quinas m\u00e1s modernas del mercado que garantizan a nuestros clientes la <span style=\"color: #599763;\">excelencia<\/span> de nuestros productos y servicios.<\/strong><\/p>\n<p>El Grupo Jota Silva, adem\u00e1s de fabricar displays, cuenta con su propio equipo de arquitectos y dise\u00f1adores que crean soluciones expositivas y proyectos expositivos para nuestros clientes. Tambi\u00e9n contamos con un equipo comercial siempre disponible, monitoreando todas las negociaciones, acompa\u00f1ando al cliente hasta la entrega e instalaci\u00f3n en su tienda. <\/p>\n\t\t\n<style>\n#text-930109769 {\n  text-align: center;\n}\n@media (min-width:550px) {\n  #text-930109769 {\n    text-align: left;\n  }\n}\n<\/style>\n\t<\/div>\n\t\n\n\t\t<\/div>\n\t\t\t\t\t<\/div>\n\n\t\n\n\t<div id=\"col-1806237842\" class=\"col no-padding medium-6 small-12 large-7\"  >\n\t\t\t\t<div class=\"col-inner\"  >\n\t\t\t\n\t\t\t\n\n\t<div class=\"img has-hover x md-x lg-x y md-y lg-y\" id=\"image_1468234080\">\n\t\t\t\t\t\t\t\t<div class=\"img-inner dark\" >\n\t\t\t<img loading=\"lazy\" decoding=\"async\" width=\"876\" height=\"505\" src=\"https:\/\/jotasilva.com.br\/wp-content\/uploads\/imaem-inicio.jpg\" class=\"attachment-large size-large\" alt=\"\" srcset=\"https:\/\/jotasilva.com.br\/wp-content\/uploads\/imaem-inicio.jpg 876w, https:\/\/jotasilva.com.br\/wp-content\/uploads\/imaem-inicio-510x294.jpg 510w, https:\/\/jotasilva.com.br\/wp-content\/uploads\/imaem-inicio-400x231.jpg 400w, https:\/\/jotasilva.com.br\/wp-content\/uploads\/imaem-inicio-768x443.jpg 768w, https:\/\/jotasilva.com.br\/wp-content\/uploads\/imaem-inicio-600x346.jpg 600w, https:\/\/jotasilva.com.br\/wp-content\/uploads\/imaem-inicio-200x115.jpg 200w\" sizes=\"auto, (max-width: 876px) 100vw, 876px\" \/>\t\t\t\t\t\t\n\t\t\t\t\t<\/div>\n\t\t\t\t\t\t\t\t\n<style>\n#image_1468234080 {\n  width: 100%;\n}\n<\/style>\n\t<\/div>\n\t\n\n\n\t\t<\/div>\n\t\t\t\t\t<\/div>\n\n\t\n\n<\/div>\n\n\t\t<\/div>\n\n\t\t\n<style>\n#section_2031780579 {\n  padding-top: 30px;\n  padding-bottom: 30px;\n}\n<\/style>\n\t<\/section>\n\t\n\t<section class=\"section\" id=\"section_238284216\">\n\t\t<div class=\"bg section-bg fill bg-fill  \" >\n\n\t\t\t\n\t\t\t\n\t\t\t\n\n\t\t<\/div>\n\n\t\t\n\n\t\t<div class=\"section-content relative\">\n\t\t\t\n\n<div class=\"row align-middle align-center\"  id=\"row-561087054\">\n\n\n\t<div id=\"col-825835651\" class=\"col medium-6 small-12 large-6\"  >\n\t\t\t\t<div class=\"col-inner text-center\"  >\n\t\t\t\n\t\t\t\n\n\t<div class=\"img has-hover x md-x lg-x y md-y lg-y\" id=\"image_299866018\">\n\t\t\t\t\t\t\t\t<div class=\"img-inner dark\" >\n\t\t\t<img loading=\"lazy\" decoding=\"async\" width=\"391\" height=\"114\" src=\"https:\/\/jotasilva.com.br\/wp-content\/uploads\/logo-sobre.png\" class=\"attachment-original size-original\" alt=\"\" srcset=\"https:\/\/jotasilva.com.br\/wp-content\/uploads\/logo-sobre.png 391w, https:\/\/jotasilva.com.br\/wp-content\/uploads\/logo-sobre-200x58.png 200w\" sizes=\"auto, (max-width: 391px) 100vw, 391px\" \/>\t\t\t\t\t\t\n\t\t\t\t\t<\/div>\n\t\t\t\t\t\t\t\t\n<style>\n#image_299866018 {\n  width: 65%;\n}\n<\/style>\n\t<\/div>\n\t\n\n\n\t\t<\/div>\n\t\t\t\t\t<\/div>\n\n\t\n\n\t<div id=\"col-1932257897\" class=\"col medium-6 small-12 large-6\"  >\n\t\t\t\t<div class=\"col-inner\"  >\n\t\t\t\n\t\t\t\n\n\t<div id=\"text-1130887019\" class=\"text titulo-branco\">\n\t\t\n\n<h4>\u3164\u3164UNA HISTORIA DE<\/h4>\n<h2><strong>M\u00e1s de 25 a\u00f1os<\/strong><\/h2>\n\t\t\n<style>\n#text-1130887019 {\n  text-align: center;\n}\n@media (min-width:550px) {\n  #text-1130887019 {\n    text-align: left;\n  }\n}\n<\/style>\n\t<\/div>\n\t\n\t<div id=\"gap-1995040611\" class=\"gap-element clearfix\" style=\"display:block; height:auto;\">\n\t\t\n<style>\n#gap-1995040611 {\n  padding-top: 30px;\n}\n<\/style>\n\t<\/div>\n\t\n\n\t<div id=\"text-266477854\" class=\"text\">\n\t\t\n\n<p>El autor del proyecto, Jucemar Silva da Rosa, con m\u00e1s de 25 a\u00f1os de experiencia en el campo de instalaci\u00f3n cer\u00e1mica y montaje de showrooms, inaugur\u00f3 en 2013 la empresa Jota Silva Expositores, Transportes e Merchandising.<\/p>\n<p>En 2017, la empresa adquiri\u00f3 sede propia, ubicada en Rua Leonir Jo\u00e3o de Noni, n\u00b0 580, Pol\u00edgono Industrial II, Cocal do Sul &#8211; SC. Ubicada en un parque fabril con una superficie de 3000 m\u00b2, cuenta con modernos equipos y sistemas industrializados que aseguran calidad y puntualidad en la prestaci\u00f3n de sus servicios. <\/p>\n\t\t\n<style>\n#text-266477854 {\n  text-align: center;\n  color: rgb(255, 255, 255);\n}\n#text-266477854 > * {\n  color: rgb(255, 255, 255);\n}\n@media (min-width:550px) {\n  #text-266477854 {\n    text-align: left;\n  }\n}\n<\/style>\n\t<\/div>\n\t\n\n\t\t<\/div>\n\t\t\t\t\t<\/div>\n\n\t\n\n<\/div>\n\n\t\t<\/div>\n\n\t\t\n<style>\n#section_238284216 {\n  padding-top: 30px;\n  padding-bottom: 30px;\n  min-height: 559px;\n}\n#section_238284216 .section-bg.bg-loaded {\n  background-image: url(https:\/\/jotasilva.com.br\/wp-content\/uploads\/funkdo-text.jpg);\n}\n<\/style>\n\t<\/section>\n\t\n\t<section class=\"section\" id=\"section_1967186885\">\n\t\t<div class=\"bg section-bg fill bg-fill  bg-loaded\" >\n\n\t\t\t\n\t\t\t\n\t\t\t\n\n\t\t<\/div>\n\n\t\t\n\n\t\t<div class=\"section-content relative\">\n\t\t\t\n\n<div class=\"row\"  id=\"row-614530082\">\n\n\n\t<div id=\"col-738651437\" class=\"col medium-6 small-12 large-6\"  >\n\t\t\t\t<div class=\"col-inner\"  >\n\t\t\t\n\t\t\t\n\n\t<div id=\"text-2814571663\" class=\"text\">\n\t\t\n\n<h4>CALIDAD Y\u3164\u3164<\/h4>\n<h2><strong>Profesionalismo<\/strong><\/h2>\n\t\t\n<style>\n#text-2814571663 {\n  text-align: center;\n}\n@media (min-width:550px) {\n  #text-2814571663 {\n    text-align: right;\n  }\n}\n@media (min-width:850px) {\n  #text-2814571663 {\n    text-align: right;\n  }\n}\n<\/style>\n\t<\/div>\n\t\n\t<div id=\"text-1498415892\" class=\"text\">\n\t\t\n\n<p;\">En la producci\u00f3n de displays, la empresa cuenta con un equipo t\u00e9cnico capacitado y permanentemente cualificado, materiales de alta calidad y especial cuidado en el acabado manual de los displays.<\/p>\n<p\">Adem\u00e1s de la producci\u00f3n de expositores, Grupo Jota Silva ofrece servicios de transporte a trav\u00e9s de su propia flota, permitiendo reducir costos y promoviendo la agilidad en los tiempos de entrega.<\/p>\n<p><strong>Contamos con un equipo t\u00e9cnico capacitado para realizar el montaje, desde la colocaci\u00f3n cer\u00e1mica hasta el acabado y atendemos todo Brasil, principalmente las regiones sur y suroeste.<\/strong><\/p>\n\t\t\n<style>\n#text-1498415892 {\n  text-align: center;\n  color: rgb(0,0,0);\n}\n#text-1498415892 > * {\n  color: rgb(0,0,0);\n}\n@media (min-width:550px) {\n  #text-1498415892 {\n    text-align: right;\n  }\n}\n<\/style>\n\t<\/div>\n\t\n\n\t\t<\/div>\n\t\t\t\t\t<\/div>\n\n\t\n\n\t<div id=\"col-906360275\" class=\"col medium-6 small-12 large-6\"  >\n\t\t\t\t<div class=\"col-inner\"  >\n\t\t\t\n\t\t\t\n\n\t<div class=\"img has-hover x md-x lg-x y md-y lg-y\" id=\"image_1607263887\">\n\t\t\t\t\t\t\t\t<div class=\"img-inner dark\" >\n\t\t\t<img loading=\"lazy\" decoding=\"async\" width=\"2500\" height=\"1768\" src=\"https:\/\/jotasilva.com.br\/wp-content\/uploads\/Ambiente-03-4.jpg\" class=\"attachment-original size-original\" alt=\"\" srcset=\"https:\/\/jotasilva.com.br\/wp-content\/uploads\/Ambiente-03-4.jpg 2500w, https:\/\/jotasilva.com.br\/wp-content\/uploads\/Ambiente-03-4-1000x707.jpg 1000w, https:\/\/jotasilva.com.br\/wp-content\/uploads\/Ambiente-03-4-400x283.jpg 400w, https:\/\/jotasilva.com.br\/wp-content\/uploads\/Ambiente-03-4-950x672.jpg 950w, https:\/\/jotasilva.com.br\/wp-content\/uploads\/Ambiente-03-4-768x543.jpg 768w, https:\/\/jotasilva.com.br\/wp-content\/uploads\/Ambiente-03-4-1536x1086.jpg 1536w, https:\/\/jotasilva.com.br\/wp-content\/uploads\/Ambiente-03-4-2048x1448.jpg 2048w, https:\/\/jotasilva.com.br\/wp-content\/uploads\/Ambiente-03-4-1280x905.jpg 1280w, https:\/\/jotasilva.com.br\/wp-content\/uploads\/Ambiente-03-4-600x424.jpg 600w, https:\/\/jotasilva.com.br\/wp-content\/uploads\/Ambiente-03-4-200x141.jpg 200w\" sizes=\"auto, (max-width: 2500px) 100vw, 2500px\" \/>\t\t\t\t\t\t\n\t\t\t\t\t<\/div>\n\t\t\t\t\t\t\t\t\n<style>\n#image_1607263887 {\n  width: 100%;\n}\n<\/style>\n\t<\/div>\n\t\n\n\n\t\t<\/div>\n\t\t\t\t\n<style>\n#col-906360275 > .col-inner {\n  padding: 0px 0px 0px 0px;\n}\n@media (min-width:850px) {\n  #col-906360275 > .col-inner {\n    padding: 0px 0px 0px 40px;\n  }\n}\n<\/style>\n\t<\/div>\n\n\t\n\n<\/div>\n\n\t\t<\/div>\n\n\t\t\n<style>\n#section_1967186885 {\n  padding-top: 55px;\n  padding-bottom: 55px;\n}\n<\/style>\n\t<\/section>\n\t\n\t<section class=\"section\" id=\"section_1570181067\">\n\t\t<div class=\"bg section-bg fill bg-fill  bg-loaded\" >\n\n\t\t\t\n\t\t\t\n\t\t\t\n\n\t\t<\/div>\n\n\t\t\n\n\t\t<div class=\"section-content relative\">\n\t\t\t\n\n<div class=\"row\"  id=\"row-1338213464\">\n\n\n\t<div id=\"col-174620609\" class=\"col coluna-icone medium-4 small-12 large-4\"  >\n\t\t\t\t<div class=\"col-inner\"  >\n\t\t\t\n\t\t\t\n\n\n\t\t<div class=\"icon-box featured-box icon-box-left text-left\"  >\n\t\t\t\t\t<div class=\"icon-box-img\" style=\"width: 40px\">\n\t\t\t\t<div class=\"icon\">\n\t\t\t\t\t<div class=\"icon-inner\" >\n\t\t\t\t\t\t<img loading=\"lazy\" decoding=\"async\" width=\"43\" height=\"43\" src=\"https:\/\/jotasilva.com.br\/wp-content\/uploads\/icon-um.png\" class=\"attachment-medium size-medium\" alt=\"\" \/>\t\t\t\t\t<\/div>\n\t\t\t\t<\/div>\n\t\t\t<\/div>\n\t\t\t\t<div class=\"icon-box-text last-reset\">\n\t\t\t\t\t\t\t\t\t\n\n<h2><strong>Misi\u00f3n<\/strong><\/h2>\n<p>Proporcionar a nuestros clientes<br> creativo, innovador y<br> eficiente, desde el dise\u00f1o,<br> fabricaci\u00f3n, transporte y montaje<br> sala de exposici\u00f3n a\u00f1adiendo valor a<br> sus productos.<\/p>\n\n\t\t<\/div>\n\t<\/div>\n\t\n\t\n\n\t\t<\/div>\n\t\t\t\t\t<\/div>\n\n\t\n\n\t<div id=\"col-1259014947\" class=\"col coluna-icone medium-4 small-12 large-4\"  >\n\t\t\t\t<div class=\"col-inner\"  >\n\t\t\t\n\t\t\t\n\n\n\t\t<div class=\"icon-box featured-box icon-box-left text-left\"  >\n\t\t\t\t\t<div class=\"icon-box-img\" style=\"width: 40px\">\n\t\t\t\t<div class=\"icon\">\n\t\t\t\t\t<div class=\"icon-inner\" >\n\t\t\t\t\t\t<img loading=\"lazy\" decoding=\"async\" width=\"50\" height=\"34\" src=\"https:\/\/jotasilva.com.br\/wp-content\/uploads\/icon-dois.png\" class=\"attachment-medium size-medium\" alt=\"\" \/>\t\t\t\t\t<\/div>\n\t\t\t\t<\/div>\n\t\t\t<\/div>\n\t\t\t\t<div class=\"icon-box-text last-reset\">\n\t\t\t\t\t\t\t\t\t\n\n<h2><strong>Visi\u00f3n<\/strong><\/h2>\n<p>Sea una referencia en su segmento,<br> destacando por su calidad y<br> agilidad en el tiempo de entrega<\/p>\n\n\t\t<\/div>\n\t<\/div>\n\t\n\t\n\n\t\t<\/div>\n\t\t\t\t\t<\/div>\n\n\t\n\n\t<div id=\"col-22456195\" class=\"col coluna-icone medium-4 small-12 large-4\"  >\n\t\t\t\t<div class=\"col-inner\"  >\n\t\t\t\n\t\t\t\n\n\n\t\t<div class=\"icon-box featured-box icon-box-left text-left\"  >\n\t\t\t\t\t<div class=\"icon-box-img\" style=\"width: 40px\">\n\t\t\t\t<div class=\"icon\">\n\t\t\t\t\t<div class=\"icon-inner\" >\n\t\t\t\t\t\t<img loading=\"lazy\" decoding=\"async\" width=\"45\" height=\"45\" src=\"https:\/\/jotasilva.com.br\/wp-content\/uploads\/icon-tres.png\" class=\"attachment-medium size-medium\" alt=\"\" \/>\t\t\t\t\t<\/div>\n\t\t\t\t<\/div>\n\t\t\t<\/div>\n\t\t\t\t<div class=\"icon-box-text last-reset\">\n\t\t\t\t\t\t\t\t\t\n\n<h2><strong>Valores<\/strong><\/h2>\n<p>\u2022 Pasi\u00f3n por lo que hacemos<br> \u2022 Excelencia en el servicio al cliente<br> \u2022 Calidad<br> \u2022 Compromiso<br> \u2022 \u00c9tica y transparencia<br> \u2022 Innovaci\u00f3n<br> \u2022 Obstinaci\u00f3n en los resultados<\/p>\n\n\t\t<\/div>\n\t<\/div>\n\t\n\t\n\n\t\t<\/div>\n\t\t\t\t\t<\/div>\n\n\t\n\n<\/div>\n\n\t\t<\/div>\n\n\t\t\n<style>\n#section_1570181067 {\n  padding-top: 0px;\n  padding-bottom: 0px;\n}\n<\/style>\n\t<\/section>\n\t\n<div class=\"is-divider divider clearfix\" style=\"margin-top:0px;margin-bottom:0px;max-width:100%;height:2px;background-color:rgb(0, 0, 0);\"><\/div>","protected":false},"excerpt":{"rendered":"","protected":false},"author":1,"featured_media":0,"parent":0,"menu_order":0,"comment_status":"closed","ping_status":"closed","template":"page-transparent-header-light.php","meta":{"_joinchat":[],"footnotes":""},"class_list":["post-11684","page","type-page","status-publish","hentry"],"yoast_head":"<!-- This site is optimized with the Yoast SEO plugin v24.0 - https:\/\/yoast.com\/wordpress\/plugins\/seo\/ -->\n<title>Sobre nosotros - Jota Silva<\/title>\n<meta name=\"robots\" content=\"index, follow, max-snippet:-1, max-image-preview:large, max-video-preview:-1\" \/>\n<link rel=\"canonical\" href=\"https:\/\/jotasilva.com.br\/es\/sobre\/\" \/>\n<meta property=\"og:locale\" content=\"es_ES\" \/>\n<meta property=\"og:type\" content=\"article\" \/>\n<meta property=\"og:title\" content=\"Sobre nosotros - Jota Silva\" \/>\n<meta property=\"og:url\" content=\"https:\/\/jotasilva.com.br\/es\/sobre\/\" \/>\n<meta property=\"og:site_name\" content=\"Jota Silva\" \/>\n<meta property=\"article:modified_time\" content=\"2024-11-08T16:52:17+00:00\" \/>\n<meta name=\"twitter:card\" content=\"summary_large_image\" \/>\n<meta name=\"twitter:label1\" content=\"Tiempo de lectura\" \/>\n\t<meta name=\"twitter:data1\" content=\"5 minutos\" \/>\n<script type=\"application\/ld+json\" class=\"yoast-schema-graph\">{\"@context\":\"https:\/\/schema.org\",\"@graph\":[{\"@type\":\"WebPage\",\"@id\":\"https:\/\/jotasilva.com.br\/es\/sobre\/\",\"url\":\"https:\/\/jotasilva.com.br\/es\/sobre\/\",\"name\":\"Sobre nosotros - Jota Silva\",\"isPartOf\":{\"@id\":\"https:\/\/jotasilva.com.br\/es\/#website\"},\"datePublished\":\"2021-07-09T14:48:55+00:00\",\"dateModified\":\"2024-11-08T16:52:17+00:00\",\"breadcrumb\":{\"@id\":\"https:\/\/jotasilva.com.br\/es\/sobre\/#breadcrumb\"},\"inLanguage\":\"es\",\"potentialAction\":[{\"@type\":\"ReadAction\",\"target\":[\"https:\/\/jotasilva.com.br\/es\/sobre\/\"]}]},{\"@type\":\"BreadcrumbList\",\"@id\":\"https:\/\/jotasilva.com.br\/es\/sobre\/#breadcrumb\",\"itemListElement\":[{\"@type\":\"ListItem\",\"position\":1,\"name\":\"In\u00edcio\",\"item\":\"https:\/\/jotasilva.com.br\/es\/\"},{\"@type\":\"ListItem\",\"position\":2,\"name\":\"Sobre nosotros\"}]},{\"@type\":\"WebSite\",\"@id\":\"https:\/\/jotasilva.com.br\/es\/#website\",\"url\":\"https:\/\/jotasilva.com.br\/es\/\",\"name\":\"Jota Silva\",\"description\":\"\",\"potentialAction\":[{\"@type\":\"SearchAction\",\"target\":{\"@type\":\"EntryPoint\",\"urlTemplate\":\"https:\/\/jotasilva.com.br\/es\/?s={search_term_string}\"},\"query-input\":{\"@type\":\"PropertyValueSpecification\",\"valueRequired\":true,\"valueName\":\"search_term_string\"}}],\"inLanguage\":\"es\"}]}<\/script>\n<!-- \/ Yoast SEO plugin. -->","yoast_head_json":{"title":"Sobre nosotros - Jota Silva","robots":{"index":"index","follow":"follow","max-snippet":"max-snippet:-1","max-image-preview":"max-image-preview:large","max-video-preview":"max-video-preview:-1"},"canonical":"https:\/\/jotasilva.com.br\/es\/sobre\/","og_locale":"es_ES","og_type":"article","og_title":"Sobre nosotros - Jota Silva","og_url":"https:\/\/jotasilva.com.br\/es\/sobre\/","og_site_name":"Jota Silva","article_modified_time":"2024-11-08T16:52:17+00:00","twitter_card":"summary_large_image","twitter_misc":{"Tiempo de lectura":"5 minutos"},"schema":{"@context":"https:\/\/schema.org","@graph":[{"@type":"WebPage","@id":"https:\/\/jotasilva.com.br\/es\/sobre\/","url":"https:\/\/jotasilva.com.br\/es\/sobre\/","name":"Sobre nosotros - Jota Silva","isPartOf":{"@id":"https:\/\/jotasilva.com.br\/es\/#website"},"datePublished":"2021-07-09T14:48:55+00:00","dateModified":"2024-11-08T16:52:17+00:00","breadcrumb":{"@id":"https:\/\/jotasilva.com.br\/es\/sobre\/#breadcrumb"},"inLanguage":"es","potentialAction":[{"@type":"ReadAction","target":["https:\/\/jotasilva.com.br\/es\/sobre\/"]}]},{"@type":"BreadcrumbList","@id":"https:\/\/jotasilva.com.br\/es\/sobre\/#breadcrumb","itemListElement":[{"@type":"ListItem","position":1,"name":"In\u00edcio","item":"https:\/\/jotasilva.com.br\/es\/"},{"@type":"ListItem","position":2,"name":"Sobre nosotros"}]},{"@type":"WebSite","@id":"https:\/\/jotasilva.com.br\/es\/#website","url":"https:\/\/jotasilva.com.br\/es\/","name":"Jota Silva","description":"","potentialAction":[{"@type":"SearchAction","target":{"@type":"EntryPoint","urlTemplate":"https:\/\/jotasilva.com.br\/es\/?s={search_term_string}"},"query-input":{"@type":"PropertyValueSpecification","valueRequired":true,"valueName":"search_term_string"}}],"inLanguage":"es"}]}},"_links":{"self":[{"href":"https:\/\/jotasilva.com.br\/es\/wp-json\/wp\/v2\/pages\/11684","targetHints":{"allow":["GET"]}}],"collection":[{"href":"https:\/\/jotasilva.com.br\/es\/wp-json\/wp\/v2\/pages"}],"about":[{"href":"https:\/\/jotasilva.com.br\/es\/wp-json\/wp\/v2\/types\/page"}],"author":[{"embeddable":true,"href":"https:\/\/jotasilva.com.br\/es\/wp-json\/wp\/v2\/users\/1"}],"replies":[{"embeddable":true,"href":"https:\/\/jotasilva.com.br\/es\/wp-json\/wp\/v2\/comments?post=11684"}],"version-history":[{"count":3,"href":"https:\/\/jotasilva.com.br\/es\/wp-json\/wp\/v2\/pages\/11684\/revisions"}],"predecessor-version":[{"id":11955,"href":"https:\/\/jotasilva.com.br\/es\/wp-json\/wp\/v2\/pages\/11684\/revisions\/11955"}],"wp:attachment":[{"href":"https:\/\/jotasilva.com.br\/es\/wp-json\/wp\/v2\/media?parent=11684"}],"curies":[{"name":"wp","href":"https:\/\/api.w.org\/{rel}","templated":true}]}}