{"id":11678,"date":"2021-07-09T16:22:06","date_gmt":"2021-07-09T19:22:06","guid":{"rendered":"https:\/\/jotasilva.com.br\/fabrica-de-expositores\/"},"modified":"2024-11-08T13:58:40","modified_gmt":"2024-11-08T16:58:40","slug":"fabrica-de-expositores","status":"publish","type":"page","link":"https:\/\/jotasilva.com.br\/es\/fabrica-de-expositores\/","title":{"rendered":"F\u00e1brica de expositores"},"content":{"rendered":"\t<section class=\"section\" id=\"section_2132792750\">\n\t\t<div class=\"bg section-bg fill bg-fill  bg-loaded\" >\n\n\t\t\t\n\t\t\t\n\t\t\t\n\n\t\t<\/div>\n\n\t\t\n\n\t\t<div class=\"section-content relative\">\n\t\t\t\n\n<div class=\"row\"  id=\"row-1093420158\">\n\n\n\t<div id=\"col-850761463\" class=\"col small-12 large-12\"  >\n\t\t\t\t<div class=\"col-inner\"  >\n\t\t\t\n\t\t\t\n\n\t<div id=\"gap-916008802\" class=\"gap-element clearfix\" style=\"display:block; height:auto;\">\n\t\t\n<style>\n#gap-916008802 {\n  padding-top: 45px;\n}\n@media (min-width:850px) {\n  #gap-916008802 {\n    padding-top: 65px;\n  }\n}\n<\/style>\n\t<\/div>\n\t\n\n\t<div id=\"text-1928795096\" class=\"text\">\n\t\t\n\n<h1 style=\"text-align: center;\">F\u00c1BRICA DE EXPOSITORES<\/h1>\n<h3 style=\"text-align: left;\"><strong>Excelencia en la creaci\u00f3n y fabricaci\u00f3n de displays en diferentes segmentos.<\/strong><\/h3>\n<p style=\"text-align: left;\">En 2017, adquirimos nuestra propia sede, ubicada en un parque fabril con un \u00e1rea de 3000 m\u00b2, en el Pol\u00edgono Industrial II de Cocal do Sul \u2013 SC.<\/p>\n<p style=\"text-align: left;\">Contamos con modernos equipos y sistemas industrializados que permiten la producci\u00f3n de displays duraderos y de alta calidad.<\/p>\n<p style=\"text-align: left;\">En 2021 continuamos innovando con la adquisici\u00f3n de una de las m\u00e1quinas de corte de acero por l\u00e1ser m\u00e1s sofisticadas del mercado. Esta nueva inversi\u00f3n nos permitir\u00e1 mejorar a\u00fan m\u00e1s la calidad de nuestros productos, permitiendo un acabado a\u00fan m\u00e1s refinado y sofisticado. <\/p>\n\t\t\n<style>\n#text-1928795096 {\n  color: #3c3838;\n}\n#text-1928795096 > * {\n  color: #3c3838;\n}\n<\/style>\n\t<\/div>\n\t\n\n\t\t<\/div>\n\t\t\t\t\t<\/div>\n\n\t\n\n<\/div>\n\n\t\t<\/div>\n\n\t\t\n<style>\n#section_2132792750 {\n  padding-top: 0px;\n  padding-bottom: 0px;\n}\n<\/style>\n\t<\/section>\n\t","protected":false},"excerpt":{"rendered":"","protected":false},"author":1,"featured_media":0,"parent":0,"menu_order":0,"comment_status":"closed","ping_status":"closed","template":"page-blank.php","meta":{"_joinchat":[],"footnotes":""},"class_list":["post-11678","page","type-page","status-publish","hentry"],"yoast_head":"<!-- This site is optimized with the Yoast SEO plugin v24.0 - https:\/\/yoast.com\/wordpress\/plugins\/seo\/ -->\n<title>F\u00e1brica de expositores - Jota Silva<\/title>\n<meta name=\"robots\" content=\"index, follow, max-snippet:-1, max-image-preview:large, max-video-preview:-1\" \/>\n<link rel=\"canonical\" href=\"https:\/\/jotasilva.com.br\/es\/fabrica-de-expositores\/\" \/>\n<meta property=\"og:locale\" content=\"es_ES\" \/>\n<meta property=\"og:type\" content=\"article\" \/>\n<meta property=\"og:title\" content=\"F\u00e1brica de expositores - Jota Silva\" \/>\n<meta property=\"og:url\" content=\"https:\/\/jotasilva.com.br\/es\/fabrica-de-expositores\/\" \/>\n<meta property=\"og:site_name\" content=\"Jota Silva\" \/>\n<meta property=\"article:modified_time\" content=\"2024-11-08T16:58:40+00:00\" \/>\n<meta name=\"twitter:card\" content=\"summary_large_image\" \/>\n<meta name=\"twitter:label1\" content=\"Tiempo de lectura\" \/>\n\t<meta name=\"twitter:data1\" content=\"1 minuto\" \/>\n<script type=\"application\/ld+json\" class=\"yoast-schema-graph\">{\"@context\":\"https:\/\/schema.org\",\"@graph\":[{\"@type\":\"WebPage\",\"@id\":\"https:\/\/jotasilva.com.br\/es\/fabrica-de-expositores\/\",\"url\":\"https:\/\/jotasilva.com.br\/es\/fabrica-de-expositores\/\",\"name\":\"F\u00e1brica de expositores - Jota Silva\",\"isPartOf\":{\"@id\":\"https:\/\/jotasilva.com.br\/es\/#website\"},\"datePublished\":\"2021-07-09T19:22:06+00:00\",\"dateModified\":\"2024-11-08T16:58:40+00:00\",\"breadcrumb\":{\"@id\":\"https:\/\/jotasilva.com.br\/es\/fabrica-de-expositores\/#breadcrumb\"},\"inLanguage\":\"es\",\"potentialAction\":[{\"@type\":\"ReadAction\",\"target\":[\"https:\/\/jotasilva.com.br\/es\/fabrica-de-expositores\/\"]}]},{\"@type\":\"BreadcrumbList\",\"@id\":\"https:\/\/jotasilva.com.br\/es\/fabrica-de-expositores\/#breadcrumb\",\"itemListElement\":[{\"@type\":\"ListItem\",\"position\":1,\"name\":\"In\u00edcio\",\"item\":\"https:\/\/jotasilva.com.br\/es\/\"},{\"@type\":\"ListItem\",\"position\":2,\"name\":\"F\u00e1brica de expositores\"}]},{\"@type\":\"WebSite\",\"@id\":\"https:\/\/jotasilva.com.br\/es\/#website\",\"url\":\"https:\/\/jotasilva.com.br\/es\/\",\"name\":\"Jota Silva\",\"description\":\"\",\"potentialAction\":[{\"@type\":\"SearchAction\",\"target\":{\"@type\":\"EntryPoint\",\"urlTemplate\":\"https:\/\/jotasilva.com.br\/es\/?s={search_term_string}\"},\"query-input\":{\"@type\":\"PropertyValueSpecification\",\"valueRequired\":true,\"valueName\":\"search_term_string\"}}],\"inLanguage\":\"es\"}]}<\/script>\n<!-- \/ Yoast SEO plugin. -->","yoast_head_json":{"title":"F\u00e1brica de expositores - Jota Silva","robots":{"index":"index","follow":"follow","max-snippet":"max-snippet:-1","max-image-preview":"max-image-preview:large","max-video-preview":"max-video-preview:-1"},"canonical":"https:\/\/jotasilva.com.br\/es\/fabrica-de-expositores\/","og_locale":"es_ES","og_type":"article","og_title":"F\u00e1brica de expositores - Jota Silva","og_url":"https:\/\/jotasilva.com.br\/es\/fabrica-de-expositores\/","og_site_name":"Jota Silva","article_modified_time":"2024-11-08T16:58:40+00:00","twitter_card":"summary_large_image","twitter_misc":{"Tiempo de lectura":"1 minuto"},"schema":{"@context":"https:\/\/schema.org","@graph":[{"@type":"WebPage","@id":"https:\/\/jotasilva.com.br\/es\/fabrica-de-expositores\/","url":"https:\/\/jotasilva.com.br\/es\/fabrica-de-expositores\/","name":"F\u00e1brica de expositores - Jota Silva","isPartOf":{"@id":"https:\/\/jotasilva.com.br\/es\/#website"},"datePublished":"2021-07-09T19:22:06+00:00","dateModified":"2024-11-08T16:58:40+00:00","breadcrumb":{"@id":"https:\/\/jotasilva.com.br\/es\/fabrica-de-expositores\/#breadcrumb"},"inLanguage":"es","potentialAction":[{"@type":"ReadAction","target":["https:\/\/jotasilva.com.br\/es\/fabrica-de-expositores\/"]}]},{"@type":"BreadcrumbList","@id":"https:\/\/jotasilva.com.br\/es\/fabrica-de-expositores\/#breadcrumb","itemListElement":[{"@type":"ListItem","position":1,"name":"In\u00edcio","item":"https:\/\/jotasilva.com.br\/es\/"},{"@type":"ListItem","position":2,"name":"F\u00e1brica de expositores"}]},{"@type":"WebSite","@id":"https:\/\/jotasilva.com.br\/es\/#website","url":"https:\/\/jotasilva.com.br\/es\/","name":"Jota Silva","description":"","potentialAction":[{"@type":"SearchAction","target":{"@type":"EntryPoint","urlTemplate":"https:\/\/jotasilva.com.br\/es\/?s={search_term_string}"},"query-input":{"@type":"PropertyValueSpecification","valueRequired":true,"valueName":"search_term_string"}}],"inLanguage":"es"}]}},"_links":{"self":[{"href":"https:\/\/jotasilva.com.br\/es\/wp-json\/wp\/v2\/pages\/11678","targetHints":{"allow":["GET"]}}],"collection":[{"href":"https:\/\/jotasilva.com.br\/es\/wp-json\/wp\/v2\/pages"}],"about":[{"href":"https:\/\/jotasilva.com.br\/es\/wp-json\/wp\/v2\/types\/page"}],"author":[{"embeddable":true,"href":"https:\/\/jotasilva.com.br\/es\/wp-json\/wp\/v2\/users\/1"}],"replies":[{"embeddable":true,"href":"https:\/\/jotasilva.com.br\/es\/wp-json\/wp\/v2\/comments?post=11678"}],"version-history":[{"count":2,"href":"https:\/\/jotasilva.com.br\/es\/wp-json\/wp\/v2\/pages\/11678\/revisions"}],"predecessor-version":[{"id":11965,"href":"https:\/\/jotasilva.com.br\/es\/wp-json\/wp\/v2\/pages\/11678\/revisions\/11965"}],"wp:attachment":[{"href":"https:\/\/jotasilva.com.br\/es\/wp-json\/wp\/v2\/media?parent=11678"}],"curies":[{"name":"wp","href":"https:\/\/api.w.org\/{rel}","templated":true}]}}